{"id":10209,"date":"2026-02-01T19:15:55","date_gmt":"2026-02-01T19:15:55","guid":{"rendered":"https:\/\/wilos360.eu\/immersive-learning\/"},"modified":"2026-04-13T18:21:06","modified_gmt":"2026-04-13T18:21:06","slug":"immersive-learning","status":"publish","type":"page","link":"https:\/\/wilos360.eu\/pt-pt\/immersive-learning\/","title":{"rendered":"Aprendizagem imersiva"},"content":{"rendered":"\t\t<div data-elementor-type=\"wp-page\" data-elementor-id=\"10209\" class=\"elementor elementor-10209 elementor-10144\">\n\t\t\t\t<div class=\"elementor-element elementor-element-4560959 e-flex e-con-boxed e-con e-parent\" data-id=\"4560959\" data-element_type=\"container\" data-settings=\"{&quot;jet_parallax_layout_list&quot;:[]}\">\n\t\t\t\t\t<div class=\"e-con-inner\">\n\t\t\t\t<div class=\"elementor-element elementor-element-2ce23c03 elementor-widget elementor-widget-heading\" data-id=\"2ce23c03\" data-element_type=\"widget\" data-widget_type=\"heading.default\">\n\t\t\t\t<div class=\"elementor-widget-container\">\n\t\t\t\t\t<h2 class=\"elementor-heading-title elementor-size-default\">Uma Introdu\u00e7\u00e3o \u00e0 Aprendizagem Imersiva como Abordagem Pedag\u00f3gica<\/h2>\t\t\t\t<\/div>\n\t\t\t\t<\/div>\n\t\t\t\t<div class=\"elementor-element elementor-element-11e89d63 elementor-widget elementor-widget-text-editor\" data-id=\"11e89d63\" data-element_type=\"widget\" data-widget_type=\"text-editor.default\">\n\t\t\t\t<div class=\"elementor-widget-container\">\n\t\t\t\t\t\t\t\t\t<p>Este artigo apresenta a Aprendizagem Imersiva como uma abordagem pedag\u00f3gica que vai al\u00e9m do uso da tecnologia, enfatizando a aprendizagem experiencial e centrada no aluno. Com base na investiga\u00e7\u00e3o atual, destaca como os ambientes de aprendizagem imersiva promovem a participa\u00e7\u00e3o ativa, o envolvimento emocional e cognitivo e os processos de aprendizagem reflexiva. <\/p>\n<p>\u00c9 dada especial aten\u00e7\u00e3o ao papel da aprendizagem imersiva no apoio ao pensamento cr\u00edtico, \u00e0 colabora\u00e7\u00e3o e \u00e0 compreens\u00e3o intercultural, alinhando-se estreitamente com os objetivos do projeto WILOS360 \u2013 Witness Local Customs in 360. O artigo fornece uma base te\u00f3rica para o uso educacional de tecnologias de Realidade Imersiva (RV, RA e conte\u00fado em 360\u00b0), apoiando o desenvolvimento de experi\u00eancias de aprendizagem significativas que conectam a educa\u00e7\u00e3o ao patrim\u00f3nio cultural e aos costumes locais. <\/p>\n<p><a href=\"https:\/\/wilos360.eu\/wp-content\/uploads\/2026\/04\/An-introduction-to-immersive-learning-as-a-pedagogical-approach-PT-1.pdf\" target=\"_blank\" rel=\"noopener\"><strong>Read the paper<\/strong><\/a><\/p><p><br><\/p>\n<p><\/p>\t\t\t\t\t\t\t\t<\/div>\n\t\t\t\t<\/div>\n\t\t\t\t\t<\/div>\n\t\t\t\t<\/div>\n\t\t\t\t<\/div>\n\t\t","protected":false},"excerpt":{"rendered":"<p>Uma Introdu\u00e7\u00e3o \u00e0 Aprendizagem Imersiva como Abordagem Pedag\u00f3gica Este artigo apresenta a Aprendizagem Imersiva como uma abordagem pedag\u00f3gica que vai al\u00e9m do uso da tecnologia, enfatizando a aprendizagem experiencial e centrada no aluno. Com base na investiga\u00e7\u00e3o atual, destaca como os ambientes de aprendizagem imersiva promovem a participa\u00e7\u00e3o ativa, o envolvimento emocional e cognitivo e [&hellip;]<\/p>\n","protected":false},"author":2,"featured_media":0,"parent":0,"menu_order":0,"comment_status":"closed","ping_status":"closed","template":"","meta":{"_jet_sm_ready_style":"","_jet_sm_style":"","_jet_sm_controls_values":"","_jet_sm_fonts_collection":"","_jet_sm_fonts_links":"","footnotes":""},"class_list":["post-10209","page","type-page","status-publish","hentry"],"_links":{"self":[{"href":"https:\/\/wilos360.eu\/pt-pt\/wp-json\/wp\/v2\/pages\/10209","targetHints":{"allow":["GET"]}}],"collection":[{"href":"https:\/\/wilos360.eu\/pt-pt\/wp-json\/wp\/v2\/pages"}],"about":[{"href":"https:\/\/wilos360.eu\/pt-pt\/wp-json\/wp\/v2\/types\/page"}],"author":[{"embeddable":true,"href":"https:\/\/wilos360.eu\/pt-pt\/wp-json\/wp\/v2\/users\/2"}],"replies":[{"embeddable":true,"href":"https:\/\/wilos360.eu\/pt-pt\/wp-json\/wp\/v2\/comments?post=10209"}],"version-history":[{"count":6,"href":"https:\/\/wilos360.eu\/pt-pt\/wp-json\/wp\/v2\/pages\/10209\/revisions"}],"predecessor-version":[{"id":10320,"href":"https:\/\/wilos360.eu\/pt-pt\/wp-json\/wp\/v2\/pages\/10209\/revisions\/10320"}],"wp:attachment":[{"href":"https:\/\/wilos360.eu\/pt-pt\/wp-json\/wp\/v2\/media?parent=10209"}],"curies":[{"name":"wp","href":"https:\/\/api.w.org\/{rel}","templated":true}]}}